{"id":1453,"date":"2016-04-27T18:44:30","date_gmt":"2016-04-27T16:44:30","guid":{"rendered":"https:\/\/ciutatsvivibles.entrepobles.org\/presentacion\/"},"modified":"2023-05-19T14:27:24","modified_gmt":"2023-05-19T12:27:24","slug":"presentacion","status":"publish","type":"page","link":"https:\/\/ciutatsvivibles.entrepobles.org\/es\/presentacion\/","title":{"rendered":"Presentaci\u00f3n"},"content":{"rendered":"\n<div class=\"wp-block-group alignfull mg-pattern-big-title-content is-layout-flow wp-block-group-is-layout-flow\">\n<div style=\"height:3rem\" aria-hidden=\"true\" class=\"wp-block-spacer\"><\/div>\n\n\n\n<div class=\"wp-block-columns are-vertically-aligned-top wrap is-layout-flex wp-container-core-columns-is-layout-28f84493 wp-block-columns-is-layout-flex\">\n<div class=\"wp-block-column is-vertically-aligned-top is-layout-flow wp-block-column-is-layout-flow\">\n<hr class=\"wp-block-separator has-alpha-channel-opacity is-style-default\"\/>\n\n\n\n<h1 class=\"wp-block-heading has-medium-font-size\" style=\"margin-top:1.5rem;margin-bottom:1.5rem\">Presentaci\u00f3n<\/h1>\n<\/div>\n\n\n\n<div class=\"wp-block-column is-vertically-aligned-top is-layout-flow wp-block-column-is-layout-flow\">\n<p><strong>Ciudades Vivibles<\/strong> nace del viaje emprendido por la Asociaci\u00f3n Entrepueblos en 2012 para explorar el camino que en los feminismos \u2013y ahora tambi\u00e9n en los ecologismos\u2013 resumimos como \u00abponer la vida en el centro\u00bb o \u00abel buen vivir\u00bb.<\/p>\n<\/div>\n<\/div>\n\n\n\n<div style=\"height:2rem\" aria-hidden=\"true\" class=\"wp-block-spacer\"><\/div>\n<\/div>\n\n\n\n<div class=\"wp-block-group alignfull mg-pattern-big-title-content is-layout-flow wp-block-group-is-layout-flow\">\n<div style=\"height:3rem\" aria-hidden=\"true\" class=\"wp-block-spacer\"><\/div>\n\n\n\n<div class=\"wp-block-columns are-vertically-aligned-top wrap is-layout-flex wp-container-core-columns-is-layout-28f84493 wp-block-columns-is-layout-flex\">\n<div class=\"wp-block-column is-vertically-aligned-top is-layout-flow wp-block-column-is-layout-flow\">\n<hr class=\"wp-block-separator has-alpha-channel-opacity is-style-default\"\/>\n\n\n\n<h2 class=\"wp-block-heading\" style=\"margin-top:1.5rem;margin-bottom:1.5rem\"><strong>Ciudades Vivibles I<\/strong><\/h2>\n<\/div>\n\n\n\n<div class=\"wp-block-column is-vertically-aligned-top is-layout-flow wp-block-column-is-layout-flow\">\n<p><strong>Ciudades Vivibles I<\/strong> empieza trabajando en torno a dos ejes: el contexto y la ciudad relacional. A lo largo del proceso, los ampliamos con la ciudad diversa, saludable y geneal\u00f3gica. De hecho, todo lo que ha surgido (y surgir\u00e1) en torno a las Ciudades Vivibles es una <strong>construcci\u00f3n colectiva<\/strong> con los colectivos que luchan por el derecho a la <strong>ciudad<\/strong>. <\/p>\n\n\n\n<p>Hemos querido desarrollar un trabajo que nos ayudara a empoderarnos individual y colectivamente; promover redes y transferencia de experiencias y conocimientos entre el movimiento feminista y las entidades del \u00e1mbito vecinal; difundir la perspectiva feminista; y contribuir a visibilizar la diversidad de formas de vivir, moverse y sentir la ciudad. Todo ello, uniendo Barcelona con otras ciudades de Catalu\u00f1a y del continente americano. Y lograr, as\u00ed, <strong>arrojar luz, m\u00e1s que ser exhaustivas, sobre los aspectos elegidos para nuestro trabajo<\/strong>, <strong><em>a partir de<\/em><\/strong> <strong>las diferencias que atraviesan nuestras vidas<\/strong>.<\/p>\n\n\n\n<p>Porque la ciudad somos nosotros y nosotras. Apropi\u00e9monos de ella, transform\u00e9mosla, revis\u00e9mosla y exijamos lo que consideremos. Para ello, optamos por dar centralidad a las pr\u00e1cticas feministas y ecologistas para una nueva ciudadan\u00eda (la ciudadan\u00eda). Llenemos nuestros ojos con la diversidad que nos habita, y derram\u00e9mosla sobre la ciudad.<\/p>\n\n\n\n<p>En los <a href=\"https:\/\/ciutatsvivibles.entrepobles.org\/resource\/\" data-type=\"URL\" data-id=\"https:\/\/ciutatsvivibles.entrepobles.org\/resource\/\">recursos<\/a> trabajados durante este proceso (libro, documental y jornadas) encontrar\u00e9is las tem\u00e1ticas desarrolladas.<\/p>\n<\/div>\n<\/div>\n\n\n\n<div style=\"height:2rem\" aria-hidden=\"true\" class=\"wp-block-spacer\"><\/div>\n<\/div>\n\n\n\n<div class=\"wp-block-group alignfull mg-pattern-big-title-content is-layout-flow wp-block-group-is-layout-flow\">\n<div style=\"height:3rem\" aria-hidden=\"true\" class=\"wp-block-spacer\"><\/div>\n\n\n\n<div class=\"wp-block-columns are-vertically-aligned-top wrap is-layout-flex wp-container-core-columns-is-layout-28f84493 wp-block-columns-is-layout-flex\">\n<div class=\"wp-block-column is-vertically-aligned-top is-layout-flow wp-block-column-is-layout-flow\">\n<hr class=\"wp-block-separator has-alpha-channel-opacity is-style-default\"\/>\n\n\n\n<h2 class=\"wp-block-heading\" style=\"margin-top:1.5rem;margin-bottom:1.5rem\"><strong>Ciudades Vivibles II<\/strong><\/h2>\n<\/div>\n\n\n\n<div class=\"wp-block-column is-vertically-aligned-top is-layout-flow wp-block-column-is-layout-flow\">\n<p><strong>Ciudades Vivibles II<\/strong> da continuidad al proceso partiendo del deseo de construir una ciudad cuidadora de todas las personas que la habitan, incidiendo en el modelo de ciudad que queremos, fortaleciendo, por un lado, los colectivos que luchan por el derecho a la ciudad contra el extractivismo urbano y, por otro, reforzando la acci\u00f3n pol\u00edtica y comunitaria de las asociaciones vecinales y las mujeres migrantes, incluyendo la perspectiva feminista y antirracista en sus quehaceres. Partiendo de una perspectiva feminista y antirracista, fomentando la creaci\u00f3n de redes y la difusi\u00f3n de experiencias locales para una ciudad habitable, diversa e inclusiva e intercambiando los aprendizajes con redes latinoamericanas.<\/p>\n\n\n\n<p>El extractivismo urbano en Barcelona ha debilitado el ejercicio del derecho a la ciudad. El derecho a una vida digna para todos es violado por los intereses financieros internacionales, los mismos que violan el derecho al territorio en los pa\u00edses que acompa\u00f1amos en Am\u00e9rica Latina y donde sufren las consecuencias del extractivismo en todas sus formas.<\/p>\n\n\n\n<p>Los feminismos juegan un papel transformador en el modelo de ciudad. Reconocen las necesidades hacia la ciudad, en la lucha por la vivienda, por migrar, contra la precariedad laboral y ambiental, por el derecho a una vida libre de violencias. Las mujeres \u2013migrantes\u2013 en el Norte Global se convierten en protagonistas de la resistencia contra el modelo extractivista urbano.<\/p>\n<\/div>\n<\/div>\n\n\n\n<div style=\"height:3rem\" aria-hidden=\"true\" class=\"wp-block-spacer\"><\/div>\n<\/div>\n\n\n\n<p>Los procesos de Ciudades Vivibles cuentan con el apoyo del Ayuntamiento de Barcelona, el AMB, la Generalitat de Catalunya y el Ayuntamiento de Vilafranca, as\u00ed como con la colaboraci\u00f3n de varias entidades (ver los enlaces de inter\u00e9s en este bloque). Las personas y los grupos involucrados han ido aumentando progresivamente, y Ciudades Vivibles contin\u00faa recorriendo el camino m\u00e1s all\u00e1 del proyecto inicial.<\/p>\n\n\n\n<p>Si es de vuestro inter\u00e9s, encontrar\u00e9is los materiales en el apartado de recursos. Y si quer\u00e9is programar un docu-forum, presentar el libro, organizar un seminario, un taller, o simplemente poneros en contacto con nosotras, pod\u00e9is escribir a: <a href=\"mailto:educacio@entrepobles.org\">educacio@entrepobles.org<\/a><\/p>\n\n\n\n<p>Para el a\u00f1o 2024, esperamos continuar con Ciudades Vivibles III.<\/p>\n\n\n\n<p><strong>La ciudad somos nosotros y nosotras. Es nuestra. Apropi\u00e9monos de ella, transform\u00e9mosla, revis\u00e9mosla y exijamos lo que consideremos. Para ello, es necesario dar centralidad a los enfoques feministas y ecologistas para una nueva ciudadan\u00eda (la ciudadan\u00eda). Llenemos nuestros ojos con la diversidad que nos habita, y derram\u00e9mosla sobre la ciudad.<\/strong><\/p>\n\n\n\n<div style=\"height:2rem\" aria-hidden=\"true\" class=\"wp-block-spacer\"><\/div>\n","protected":false},"excerpt":{"rendered":"<p>Presentaci\u00f3n Ciudades Vivibles nace del viaje emprendido por la Asociaci\u00f3n Entrepueblos en 2012 para explorar el camino que en los feminismos \u2013y ahora tambi\u00e9n en los ecologismos\u2013 resumimos como \u00abponer la vida en el centro\u00bb o \u00abel buen vivir\u00bb. Ciudades Vivibles I Ciudades Vivibles I empieza trabajando en torno a dos ejes: el contexto y [&hellip;]<\/p>\n","protected":false},"author":2,"featured_media":1090,"parent":0,"menu_order":1,"comment_status":"closed","ping_status":"closed","template":"","meta":{"_genesis_hide_title":true,"_genesis_hide_breadcrumbs":false,"_genesis_hide_singular_image":false,"_genesis_hide_footer_widgets":false,"_genesis_custom_body_class":"has-background-image-00 has-background-image-02","_genesis_custom_post_class":"","_genesis_layout":"","footnotes":""},"class_list":{"0":"post-1453","1":"page","2":"type-page","3":"status-publish","4":"has-post-thumbnail","6":"entry"},"acf":[],"_links":{"self":[{"href":"https:\/\/ciutatsvivibles.entrepobles.org\/es\/wp-json\/wp\/v2\/pages\/1453","targetHints":{"allow":["GET"]}}],"collection":[{"href":"https:\/\/ciutatsvivibles.entrepobles.org\/es\/wp-json\/wp\/v2\/pages"}],"about":[{"href":"https:\/\/ciutatsvivibles.entrepobles.org\/es\/wp-json\/wp\/v2\/types\/page"}],"author":[{"embeddable":true,"href":"https:\/\/ciutatsvivibles.entrepobles.org\/es\/wp-json\/wp\/v2\/users\/2"}],"replies":[{"embeddable":true,"href":"https:\/\/ciutatsvivibles.entrepobles.org\/es\/wp-json\/wp\/v2\/comments?post=1453"}],"version-history":[{"count":4,"href":"https:\/\/ciutatsvivibles.entrepobles.org\/es\/wp-json\/wp\/v2\/pages\/1453\/revisions"}],"predecessor-version":[{"id":1494,"href":"https:\/\/ciutatsvivibles.entrepobles.org\/es\/wp-json\/wp\/v2\/pages\/1453\/revisions\/1494"}],"wp:featuredmedia":[{"embeddable":true,"href":"https:\/\/ciutatsvivibles.entrepobles.org\/es\/wp-json\/wp\/v2\/media\/1090"}],"wp:attachment":[{"href":"https:\/\/ciutatsvivibles.entrepobles.org\/es\/wp-json\/wp\/v2\/media?parent=1453"}],"curies":[{"name":"wp","href":"https:\/\/api.w.org\/{rel}","templated":true}]}}