{"id":1451,"date":"2016-08-01T12:00:09","date_gmt":"2016-08-01T10:00:09","guid":{"rendered":"https:\/\/ciutatsvivibles.entrepobles.org\/equipo\/"},"modified":"2023-05-19T14:26:48","modified_gmt":"2023-05-19T12:26:48","slug":"equipo","status":"publish","type":"page","link":"https:\/\/ciutatsvivibles.entrepobles.org\/es\/equipo\/","title":{"rendered":"Equipo"},"content":{"rendered":"\n<div class=\"wp-block-group alignfull mg-pattern-big-title-content is-layout-flow wp-block-group-is-layout-flow\">\n<div style=\"height:2rem\" aria-hidden=\"true\" class=\"wp-block-spacer\"><\/div>\n\n\n\n<div class=\"wp-block-columns are-vertically-aligned-top wrap is-layout-flex wp-container-core-columns-is-layout-28f84493 wp-block-columns-is-layout-flex\">\n<div class=\"wp-block-column is-vertically-aligned-top is-layout-flow wp-block-column-is-layout-flow\">\n<hr class=\"wp-block-separator has-text-color has-fifth-color has-alpha-channel-opacity has-fifth-background-color has-background is-style-default\"\/>\n\n\n\n<h1 class=\"wp-block-heading has-fifth-color has-text-color has-small-font-size\" style=\"margin-top:1.5rem;margin-bottom:1.5rem\">Equipo<\/h1>\n<\/div>\n\n\n\n<div class=\"wp-block-column is-vertically-aligned-top is-layout-flow wp-block-column-is-layout-flow\"><\/div>\n<\/div>\n\n\n\n<div style=\"height:2rem\" aria-hidden=\"true\" class=\"wp-block-spacer\"><\/div>\n<\/div>\n\n\n\n<div class=\"wp-block-group alignfull is-layout-flow wp-block-group-is-layout-flow\">\n<div class=\"wp-block-columns wrap is-layout-flex wp-container-core-columns-is-layout-28f84493 wp-block-columns-is-layout-flex\">\n<div class=\"wp-block-column is-layout-flow wp-block-column-is-layout-flow\">\n<h2 class=\"wp-block-heading\"><a href=\"http:\/\/www.caps.cat\/\">CAPS<\/a><\/h2>\n\n\n\n<p class=\"has-small-font-size\" style=\"line-height:1.3\">El Centre d&#8217;An\u00e0lisi i Programes Sanitaris es una <strong>es una asociaci\u00f3n cient\u00edfica sin \u00e1nimo de lucro<\/strong> que, desde una <strong>perspectiva socio-sanitaria<\/strong>, un <strong>enfoque multidisciplinar<\/strong>, y siempre con <strong>perspectiva de g\u00e9nero<\/strong>, re\u00fane a profesionales, ciudadanos y ciudadanas interesadas en contribuir al intercambio de ideas, reflexi\u00f3n e investigaci\u00f3n, en torno a problemas relacionados con la salud.<\/p>\n\n\n\n<p class=\"has-small-font-size\" style=\"line-height:1.3\">Colaboran en el proyecto, aportando su experiencia de trabajo en salud desde feminismos, y apoyando la investigaci\u00f3n-acci\u00f3n en Nou Barris.<\/p>\n<\/div>\n\n\n\n<div class=\"wp-block-column is-layout-flow wp-block-column-is-layout-flow\">\n<h2 class=\"wp-block-heading\"><a href=\"http:\/\/www.punt6.org\/\">Col\u00b7lectiu Punt 6 SCCL<\/a><\/h2>\n\n\n\n<p class=\"has-small-font-size\" style=\"line-height:1.3\">Es una <strong>cooperativa de arquitectas, soci\u00f3logas y urbanistas<\/strong> con m\u00e1s de 10 a\u00f1os de experiencia local, estatal e internacional. Trabajan para repensar los espacios dom\u00e9sticos, comunitarios y p\u00fablicos para promover la diversidad social y sin discriminaciones. Trabajan desde la perspectiva de g\u00e9nero interseccional y hol\u00edstico a trav\u00e9s de la participaci\u00f3n y la acci\u00f3n comunitaria, y la promoci\u00f3n de la sostenibilidad y la econom\u00eda solidaria. Desarrollan sus propias metodolog\u00edas que se adaptan al contexto y a las personas.<\/p>\n\n\n\n<p class=\"has-small-font-size\" style=\"line-height:1.3\">Colaboran en el proyecto, aportando su experiencia de trabajo en urbanismo y g\u00e9nero, y apoyando la investigaci\u00f3n-acci\u00f3n en Gr\u00e0cia.<\/p>\n<\/div>\n\n\n\n<div class=\"wp-block-column is-layout-flow wp-block-column-is-layout-flow\">\n<h2 class=\"wp-block-heading\"><a href=\"http:\/\/confavc.cat\/\">Confavc<\/a><\/h2>\n\n\n\n<p class=\"has-small-font-size\" style=\"line-height:1.3\">La Confederaci\u00f3 d\u2019Associacions Ve\u00efnals de Catalunya (CONFAVC) es una <strong>organizaci\u00f3n del movimiento vecinal sin \u00e1nimo de lucro que coordina 460 asociaciones vecinales y 22 federaciones<\/strong> y que, a trav\u00e9s de sus proyectos, campa\u00f1as y servicios, trabaja para mejorar la calidad de vida de los vecinos y vecinas de los barrios de Catalu\u00f1a.<\/p>\n\n\n\n<p class=\"has-small-font-size\" style=\"line-height:1.3\">Colabora en el proyecto con su experiencia en el barrio cotidiano, y revisando la replicabilidad del proyecto en otros pueblos y ciudades.<\/p>\n<\/div>\n\n\n\n<div class=\"wp-block-column is-layout-flow wp-block-column-is-layout-flow\">\n<h2 class=\"wp-block-heading\"><a href=\"http:\/\/www.entrepueblos.org\">Entrepueblos<\/a><\/h2>\n\n\n\n<p class=\"has-small-font-size\" style=\"line-height:1.3\">Es una asociaci\u00f3n independiente y laica, promovida en 1988 por los Comit\u00e9s de Solidaridad con Am\u00e9rica Latina. A trav\u00e9s de la cooperaci\u00f3n, la sensibilizaci\u00f3n, la educaci\u00f3n para el desarrollo, la incidencia pol\u00edtica y el apoyo a los movimientos emancipadores, trabaja por una justicia que permita la satisfacci\u00f3n, para cualquier persona, hombre o mujer, y en cualquier parte del mundo, de los Derechos Humanos, pol\u00edticos, econ\u00f3micos, sociales y culturales. Trabajamos con un enfoque feminista y de sostenibilidad medioambiental.<\/p>\n\n\n\n<p class=\"has-small-font-size\" style=\"line-height:1.3\"><strong>Es la organizaci\u00f3n promotora del proyecto.<\/strong><\/p>\n<\/div>\n<\/div>\n\n\n\n<div class=\"wp-block-columns wrap is-layout-flex wp-container-core-columns-is-layout-28f84493 wp-block-columns-is-layout-flex\">\n<div class=\"wp-block-column is-layout-flow wp-block-column-is-layout-flow\">\n<h2 class=\"wp-block-heading\"><a href=\"http:\/\/www.favb.cat\/\">Favb<\/a><\/h2>\n\n\n\n<p class=\"has-small-font-size\" style=\"line-height:1.3\">La Federaci\u00f3 d&#8217;Associacions de Ve\u00efns i Ve\u00efnes de Barcelona fue creada en 1972, con el fin de mejorar la calidad de vida de la ciudad. <strong>Re\u00fane a m\u00e1s de un centenar de asociaciones vecinales y participa en temas de ciudad para promover la solidaridad, la igualdad y la convivencia.<\/strong> Coordina la actividad de estas asociaciones en campa\u00f1as y actividades que superan el nivel de barrio.<\/p>\n\n\n\n<p class=\"has-small-font-size\" style=\"line-height:1.3\">Colabora en el proyecto con su experiencia en el barrio cotidiano, y revisando la replicabilidad del proyecto en otros pueblos y ciudades.<\/p>\n<\/div>\n\n\n\n<div class=\"wp-block-column is-layout-flow wp-block-column-is-layout-flow\">\n<h2 class=\"wp-block-heading\"><a href=\"http:\/\/igop.uab.cat\/\">IGOP<\/a><\/h2>\n\n\n\n<p class=\"has-small-font-size\" style=\"line-height:1.3\"><strong>Nace con la voluntad de promover la investigaci\u00f3n y la formaci\u00f3n y la transferencia social en el \u00e1mbito de las pol\u00edticas p\u00fablicas y gubernamentales<\/strong>; lo hace desde una perspectiva interdisciplinar y, sobre todo, con la capacidad de combinar la excelencia acad\u00e9mica con la incidencia en la realidad social. Estos dos objetivos se reflejan en sus actividades: investigaci\u00f3n y formaci\u00f3n.<\/p>\n\n\n\n<p class=\"has-small-font-size\" style=\"line-height:1.3\">Colaboran en el proyecto, aportando su experiencia de trabajo en participaci\u00f3n y salud comunitaria, y apoyando la investigaci\u00f3n-acci\u00f3n en Nou Barris.<\/p>\n<\/div>\n\n\n\n<div class=\"wp-block-column is-layout-flow wp-block-column-is-layout-flow\">\n<h2 class=\"wp-block-heading\"><a href=\"http:\/\/www.ub.edu\/lahas\/\">LAHAS<\/a><\/h2>\n\n\n\n<p class=\"has-small-font-size\" style=\"line-height:1.3\">El Laboratori d&#8217;H\u00e0bitat Participaci\u00f3 i G\u00e8nere <strong>trabaja para identificar los diferentes formatos que toman las intervenciones de las mujeres en la esfera p\u00fablica<\/strong> y los usos diferenciales de la organizaci\u00f3n espacial; para analizar el conflicto de las diferentes representaciones sociales y la aplicaci\u00f3n de modelos de planificaci\u00f3n, desde las mujeres y su participaci\u00f3n en \u00ablo p\u00fablico\u00bb. Tambi\u00e9n re\u00fane, en una red de investigaci\u00f3n y acci\u00f3n, experiencias en este campo en la Universidad Aut\u00f3noma de M\u00e9xico y la Universidad de Barcelona.<\/p>\n\n\n\n<p class=\"has-small-font-size\" style=\"line-height:1.3\">Colaboran en el proyecto, aportando su experiencia laboral en torno al h\u00e1bitat y el g\u00e9nero, y apoyando la investigaci\u00f3n-acci\u00f3n en Poble Nou.<\/p>\n\n\n\n<p class=\"has-medium-font-size\"><\/p>\n<\/div>\n\n\n\n<div class=\"wp-block-column is-layout-flow wp-block-column-is-layout-flow\"><\/div>\n<\/div>\n<\/div>\n\n\n\n<div style=\"height:4rem\" aria-hidden=\"true\" class=\"wp-block-spacer\"><\/div>\n","protected":false},"excerpt":{"rendered":"<p>Equipo CAPS El Centre d&#8217;An\u00e0lisi i Programes Sanitaris es una es una asociaci\u00f3n cient\u00edfica sin \u00e1nimo de lucro que, desde una perspectiva socio-sanitaria, un enfoque multidisciplinar, y siempre con perspectiva de g\u00e9nero, re\u00fane a profesionales, ciudadanos y ciudadanas interesadas en contribuir al intercambio de ideas, reflexi\u00f3n e investigaci\u00f3n, en torno a problemas relacionados con la [&hellip;]<\/p>\n","protected":false},"author":2,"featured_media":1090,"parent":0,"menu_order":0,"comment_status":"closed","ping_status":"closed","template":"","meta":{"_genesis_hide_title":true,"_genesis_hide_breadcrumbs":false,"_genesis_hide_singular_image":false,"_genesis_hide_footer_widgets":false,"_genesis_custom_body_class":"has-background-image-00 has-background-image-01","_genesis_custom_post_class":"","_genesis_layout":"","footnotes":""},"class_list":{"0":"post-1451","1":"page","2":"type-page","3":"status-publish","4":"has-post-thumbnail","6":"entry"},"acf":[],"_links":{"self":[{"href":"https:\/\/ciutatsvivibles.entrepobles.org\/es\/wp-json\/wp\/v2\/pages\/1451","targetHints":{"allow":["GET"]}}],"collection":[{"href":"https:\/\/ciutatsvivibles.entrepobles.org\/es\/wp-json\/wp\/v2\/pages"}],"about":[{"href":"https:\/\/ciutatsvivibles.entrepobles.org\/es\/wp-json\/wp\/v2\/types\/page"}],"author":[{"embeddable":true,"href":"https:\/\/ciutatsvivibles.entrepobles.org\/es\/wp-json\/wp\/v2\/users\/2"}],"replies":[{"embeddable":true,"href":"https:\/\/ciutatsvivibles.entrepobles.org\/es\/wp-json\/wp\/v2\/comments?post=1451"}],"version-history":[{"count":2,"href":"https:\/\/ciutatsvivibles.entrepobles.org\/es\/wp-json\/wp\/v2\/pages\/1451\/revisions"}],"predecessor-version":[{"id":1493,"href":"https:\/\/ciutatsvivibles.entrepobles.org\/es\/wp-json\/wp\/v2\/pages\/1451\/revisions\/1493"}],"wp:featuredmedia":[{"embeddable":true,"href":"https:\/\/ciutatsvivibles.entrepobles.org\/es\/wp-json\/wp\/v2\/media\/1090"}],"wp:attachment":[{"href":"https:\/\/ciutatsvivibles.entrepobles.org\/es\/wp-json\/wp\/v2\/media?parent=1451"}],"curies":[{"name":"wp","href":"https:\/\/api.w.org\/{rel}","templated":true}]}}