{"id":1441,"date":"2016-08-01T10:27:01","date_gmt":"2016-08-01T08:27:01","guid":{"rendered":"https:\/\/ciutatsvivibles.entrepobles.org\/ciudades-vivibles\/"},"modified":"2023-05-19T14:31:57","modified_gmt":"2023-05-19T12:31:57","slug":"ciudades-vivibles","status":"publish","type":"page","link":"https:\/\/ciutatsvivibles.entrepobles.org\/es\/","title":{"rendered":"Ciudades Vivibles"},"content":{"rendered":"\n<div class=\"wp-block-cover alignfull is-light has-parallax has-custom-content-position is-position-bottom-center mt-header\" style=\"min-height:100vh;aspect-ratio:unset;\"><span aria-hidden=\"true\" class=\"wp-block-cover__background has-background-dim-0 has-background-dim\"><\/span><div role=\"img\" class=\"wp-block-cover__image-background wp-image-1376 has-parallax\" style=\"background-position:50% 50%;background-image:url(https:\/\/ciutatsvivibles.entrepobles.org\/wp-content\/uploads\/2023\/04\/ilustracion-ciutats-vivivles-scaled.jpg)\"><\/div><div class=\"wp-block-cover__inner-container is-layout-flow wp-block-cover-is-layout-flow\">\n<div style=\"height:6rem\" aria-hidden=\"true\" class=\"wp-block-spacer\"><\/div>\n\n\n\n<h2 class=\"wp-block-heading has-text-align-center has-sixth-color has-text-color has-xx-large-font-size\">Ciudades Vivibles<\/h2>\n\n\n\n<div style=\"height:6rem\" aria-hidden=\"true\" class=\"wp-block-spacer\"><\/div>\n<\/div><\/div>\n\n\n\n<div style=\"height:6rem\" aria-hidden=\"true\" class=\"wp-block-spacer\"><\/div>\n\n\n\n<p><strong>Ciudades Vivibles<\/strong> nace del viaje emprendido por la Asociaci\u00f3n Entrepueblos en 2012 para explorar el camino que en los feminismos \u2013y ahora tambi\u00e9n en los ecologismos\u2013 resumimos como \u00abponer la vida en el centro\u00bb o \u00abel buen vivir\u00bb.<\/p>\n\n\n\n<p>Con <strong>Ciudades Vivibles<\/strong> proponemos una intervenci\u00f3n local en el territorio-ciudad y en lo que significa sentirlo, pensarlo, vivirlo y transformarlo desde el sostenimiento de la vida, desde los feminismos y ecologismos con interconexi\u00f3n con el Sur Global.<\/p>\n\n\n\n<div style=\"height:4rem\" aria-hidden=\"true\" class=\"wp-block-spacer\"><\/div>\n\n\n\n<div class=\"wp-block-group alignfull has-quarter-background-color has-background is-layout-flow wp-block-group-is-layout-flow\">\n<div style=\"height:6rem\" aria-hidden=\"true\" class=\"wp-block-spacer\"><\/div>\n\n\n\n<div class=\"wp-block-columns are-vertically-aligned-center wrap is-layout-flex wp-container-core-columns-is-layout-28f84493 wp-block-columns-is-layout-flex\">\n<div class=\"wp-block-column is-vertically-aligned-center is-layout-flow wp-block-column-is-layout-flow\">\n<h2 class=\"wp-block-heading my-0 has-secondary-color has-text-color has-xx-large-font-size\" style=\"line-height:1\">Remiramos y compartimos nuestra propia experiencia. Creamos municipios habitables para todos.<\/h2>\n\n\n\n<div style=\"height:2rem\" aria-hidden=\"true\" class=\"wp-block-spacer\"><\/div>\n\n\n\n<p><a href=\"https:\/\/ciutatsvivibles.entrepobles.org\/es\/entidad\/\" class=\"inverse-button\">Mapeo de entidades<\/a><\/p>\n<\/div>\n\n\n\n<div class=\"wp-block-column is-vertically-aligned-center is-layout-flow wp-block-column-is-layout-flow\">\n<figure class=\"wp-block-gallery has-nested-images columns-2 is-cropped wp-block-gallery-1 is-layout-flex wp-block-gallery-is-layout-flex\">\n<figure class=\"wp-block-image size-full\"><img loading=\"lazy\" decoding=\"async\" width=\"800\" height=\"800\" data-id=\"975\" src=\"https:\/\/ciutatsvivibles.entrepobles.org\/wp-content\/uploads\/2023\/04\/Queers.png\" alt=\"\" class=\"wp-image-975\" srcset=\"https:\/\/ciutatsvivibles.entrepobles.org\/wp-content\/uploads\/2023\/04\/Queers.png 800w, https:\/\/ciutatsvivibles.entrepobles.org\/wp-content\/uploads\/2023\/04\/Queers-200x200.png 200w, https:\/\/ciutatsvivibles.entrepobles.org\/wp-content\/uploads\/2023\/04\/Queers-768x768.png 768w\" sizes=\"auto, (max-width: 800px) 100vw, 800px\" \/><\/figure>\n\n\n\n<figure class=\"wp-block-image size-full\"><img loading=\"lazy\" decoding=\"async\" width=\"800\" height=\"800\" data-id=\"973\" src=\"https:\/\/ciutatsvivibles.entrepobles.org\/wp-content\/uploads\/2023\/04\/cures-gent-gran.png\" alt=\"\" class=\"wp-image-973\" srcset=\"https:\/\/ciutatsvivibles.entrepobles.org\/wp-content\/uploads\/2023\/04\/cures-gent-gran.png 800w, https:\/\/ciutatsvivibles.entrepobles.org\/wp-content\/uploads\/2023\/04\/cures-gent-gran-200x200.png 200w, https:\/\/ciutatsvivibles.entrepobles.org\/wp-content\/uploads\/2023\/04\/cures-gent-gran-768x768.png 768w\" sizes=\"auto, (max-width: 800px) 100vw, 800px\" \/><\/figure>\n\n\n\n<figure class=\"wp-block-image size-full\"><img loading=\"lazy\" decoding=\"async\" width=\"800\" height=\"800\" data-id=\"976\" src=\"https:\/\/ciutatsvivibles.entrepobles.org\/wp-content\/uploads\/2023\/04\/dones-compra.png\" alt=\"\" class=\"wp-image-976\" srcset=\"https:\/\/ciutatsvivibles.entrepobles.org\/wp-content\/uploads\/2023\/04\/dones-compra.png 800w, https:\/\/ciutatsvivibles.entrepobles.org\/wp-content\/uploads\/2023\/04\/dones-compra-200x200.png 200w, https:\/\/ciutatsvivibles.entrepobles.org\/wp-content\/uploads\/2023\/04\/dones-compra-768x768.png 768w\" sizes=\"auto, (max-width: 800px) 100vw, 800px\" \/><\/figure>\n\n\n\n<figure class=\"wp-block-image size-full\"><img loading=\"lazy\" decoding=\"async\" width=\"603\" height=\"780\" data-id=\"984\" src=\"https:\/\/ciutatsvivibles.entrepobles.org\/wp-content\/uploads\/2023\/04\/img-00-1.png\" alt=\"\" class=\"wp-image-984\"\/><\/figure>\n<\/figure>\n<\/div>\n<\/div>\n\n\n\n<div style=\"height:6rem\" aria-hidden=\"true\" class=\"wp-block-spacer\"><\/div>\n<\/div>\n\n\n\n<div class=\"wp-block-group alignfull has-tertiary-background-color has-background is-layout-flow wp-block-group-is-layout-flow\">\n<div style=\"height:6rem\" aria-hidden=\"true\" class=\"wp-block-spacer\"><\/div>\n\n\n\n<div class=\"wp-block-group wrap is-layout-flow wp-block-group-is-layout-flow\">\n<p style=\"margin-right:var(--wp--preset--spacing--70)\">Christine de Pizan [en La ciudad de las damas] deja de confiar en el juicio de los dem\u00e1s para apelar a lo que ella sent\u00eda y sab\u00eda de su ser de mujer. As\u00ed, la propia experiencia y la experiencia compartida con otras mujeres se convierte en una forma de conocimiento, un veh\u00edculo para crear un nuevo paradigma, una nueva forma de ver, de hacer, de planificar la ciudad.<\/p>\n\n\n\n<p class=\"has-extra-small-font-size\">Isabel Segura, \u201cUrbanismo y g\u00e9nero. La ciudad para la vida cotidiana\u201d. Div\u00e8rsia 1, julio 2012, UPF.<\/p>\n<\/div>\n\n\n\n<div style=\"height:6rem\" aria-hidden=\"true\" class=\"wp-block-spacer\"><\/div>\n<\/div>\n","protected":false},"excerpt":{"rendered":"<p>Ciudades Vivibles nace del viaje emprendido por la Asociaci\u00f3n Entrepueblos en 2012 para explorar el camino que en los feminismos \u2013y ahora tambi\u00e9n en los ecologismos\u2013 resumimos como \u00abponer la vida en el centro\u00bb o \u00abel buen vivir\u00bb. Con Ciudades Vivibles proponemos una intervenci\u00f3n local en el territorio-ciudad y en lo que significa sentirlo, pensarlo, [&hellip;]<\/p>\n","protected":false},"author":2,"featured_media":1377,"parent":0,"menu_order":0,"comment_status":"closed","ping_status":"closed","template":"","meta":{"_genesis_hide_title":true,"_genesis_hide_breadcrumbs":false,"_genesis_hide_singular_image":false,"_genesis_hide_footer_widgets":false,"_genesis_custom_body_class":"","_genesis_custom_post_class":"","_genesis_layout":"","footnotes":""},"class_list":{"0":"post-1441","1":"page","2":"type-page","3":"status-publish","4":"has-post-thumbnail","6":"entry"},"acf":[],"_links":{"self":[{"href":"https:\/\/ciutatsvivibles.entrepobles.org\/es\/wp-json\/wp\/v2\/pages\/1441","targetHints":{"allow":["GET"]}}],"collection":[{"href":"https:\/\/ciutatsvivibles.entrepobles.org\/es\/wp-json\/wp\/v2\/pages"}],"about":[{"href":"https:\/\/ciutatsvivibles.entrepobles.org\/es\/wp-json\/wp\/v2\/types\/page"}],"author":[{"embeddable":true,"href":"https:\/\/ciutatsvivibles.entrepobles.org\/es\/wp-json\/wp\/v2\/users\/2"}],"replies":[{"embeddable":true,"href":"https:\/\/ciutatsvivibles.entrepobles.org\/es\/wp-json\/wp\/v2\/comments?post=1441"}],"version-history":[{"count":6,"href":"https:\/\/ciutatsvivibles.entrepobles.org\/es\/wp-json\/wp\/v2\/pages\/1441\/revisions"}],"predecessor-version":[{"id":1498,"href":"https:\/\/ciutatsvivibles.entrepobles.org\/es\/wp-json\/wp\/v2\/pages\/1441\/revisions\/1498"}],"wp:featuredmedia":[{"embeddable":true,"href":"https:\/\/ciutatsvivibles.entrepobles.org\/es\/wp-json\/wp\/v2\/media\/1377"}],"wp:attachment":[{"href":"https:\/\/ciutatsvivibles.entrepobles.org\/es\/wp-json\/wp\/v2\/media?parent=1441"}],"curies":[{"name":"wp","href":"https:\/\/api.w.org\/{rel}","templated":true}]}}